{"id":52,"date":"2025-02-26T08:28:51","date_gmt":"2025-02-26T07:28:51","guid":{"rendered":"https:\/\/konstfack2025.se\/?page_id=52"},"modified":"2025-05-20T07:11:27","modified_gmt":"2025-05-20T05:11:27","slug":"info","status":"publish","type":"page","link":"https:\/\/konstfack2025.se\/en\/info\/","title":{"rendered":"Info"},"content":{"rendered":"<p>The opening at Konstfack is on Wednesday 14 May, 12\u20137 pm.<br \/>\nInaugural speeches at 5 pm by Vice-Chancellor Anna Valtonen and curators Abir Boukhari and Ulrika Flink.<\/p>\n<p>F\u00e4rgfabriken and Platform Stockholm opens on Thursday 15 May at 12 pm, and an inaugural speech by the Vice-Chancellor will be held at F\u00e4rgfabriken at 5 pm.<\/p>\n<p>Opening hours for all exhibitions is Monday\u2013Friday from 12\u20136 pm, and Saturday\u2013Sunday from 12\u20134 pm.<\/p>\n<p>14\u201323 May, Konstfack LM Ericssons v\u00e4g 14<br \/>\n15\u201323 May, F\u00e4rgfabriken, L\u00f6vholmsbrinken 1 and Platform Stockholm, L\u00f6vholmsgr\u00e4nd 12<\/p>\n<div class=\"page-events-headline\">Map<\/div>\n<p><a href=\"\/wp-content\/uploads\/karta.pdf\" target=\"_blank\">Download a map of the exhibition at Konstfack (pdf).<\/a><br \/>\n<a href=\"\/wp-content\/uploads\/karta_2.pdf\" target=\"_blank\">Download a map of the exhibitions at F\u00e4rgfabriken and Platform Stockholm (pdf).<\/a><\/p>\n<div class=\"line-between-events\"><\/div>\n<div class=\"page-events-headline\">Media and others<\/div>\n<p>Previews for journalists, curators or gallerists: Wednesday, 14 May, 10 am \u2013 12 pm at Konstfack where bachelor&#8217;s, master&#8217;s and teacher students are exhibiting and 1\u20133 pm at F\u00e4rgfabriken and Platform Stockholm where the master&#8217;s students in fine art are exhibiting.<\/p>\n<p>Press information<br \/>\n<a href=\"https:\/\/www.mynewsdesk.com\/se\/konstfack\/pressreleases\/belonging-resistance-and-radical-hopefulness-14-23-may-3384243\" target=\"_blank\">Click here and read the press release about Konstfack\u2019s Degree Exhibition 2025.<\/a><\/p>\n<p>Images<br \/>\nFor press photos, contact the students directly, details are on their pages.<br \/>\nPlease state photographer\u2019s name when using images.<\/p>\n<div class=\"line-between-events\"><\/div>\n<div class=\"page-events-headline\">Organisation<\/div>\n<p>Head of Exhibitions: Anne Klontz<br \/>\nCurators: Abir Boukhari and Ulrika Flink<br \/>\nExhibition Assistant: Maria Pita Guerreiro<br \/>\nPR and Communication: Susanne Helgeson and Patrik F\u00f6rberg<br \/>\nWebmaster and Website Development: Ivar Johansson and Linda Hallstan<br \/>\nGraphic Design: Hilda Tenow Benulic and Sofia Ljungberg<br \/>\nText Editors: Matilda K\u00e4stel and Sheena Malone<br \/>\nTranslation: CBG Consult (Chris Kleinman, Sara Hamn\u00e9n)<br \/>\nLogistics Manager: Patrik Lindgren<br \/>\nProperty Manager: H\u00e5kan Persson<br \/>\nA big thank you to Vasakronan, F\u00e4rgfabriken, Platform Stockholm, plus WordPress and all code\/plug-in developers out there.<\/p>\n","protected":false},"excerpt":{"rendered":"<p>The opening at Konstfack is on Wednesday 14 May, 12\u20137 pm. Inaugural speeches at 5 pm by Vice-Chancellor Anna Valtonen and curators Abir Boukhari and Ulrika Flink. F\u00e4rgfabriken and Platform Stockholm opens on Thursday 15 May at 12 pm, and an inaugural speech by the Vice-Chancellor will be held at F\u00e4rgfabriken at 5 pm. Opening&hellip; <a class=\"more-link\" href=\"https:\/\/konstfack2025.se\/en\/info\/\">Continue reading <span class=\"screen-reader-text\">Info<\/span><\/a><\/p>\n","protected":false},"author":1,"featured_media":0,"parent":0,"menu_order":0,"comment_status":"closed","ping_status":"closed","template":"","meta":{"footnotes":""},"class_list":["post-52","page","type-page","status-publish","hentry","entry"],"_links":{"self":[{"href":"https:\/\/konstfack2025.se\/en\/wp-json\/wp\/v2\/pages\/52","targetHints":{"allow":["GET"]}}],"collection":[{"href":"https:\/\/konstfack2025.se\/en\/wp-json\/wp\/v2\/pages"}],"about":[{"href":"https:\/\/konstfack2025.se\/en\/wp-json\/wp\/v2\/types\/page"}],"author":[{"embeddable":true,"href":"https:\/\/konstfack2025.se\/en\/wp-json\/wp\/v2\/users\/1"}],"replies":[{"embeddable":true,"href":"https:\/\/konstfack2025.se\/en\/wp-json\/wp\/v2\/comments?post=52"}],"version-history":[{"count":14,"href":"https:\/\/konstfack2025.se\/en\/wp-json\/wp\/v2\/pages\/52\/revisions"}],"predecessor-version":[{"id":4554,"href":"https:\/\/konstfack2025.se\/en\/wp-json\/wp\/v2\/pages\/52\/revisions\/4554"}],"wp:attachment":[{"href":"https:\/\/konstfack2025.se\/en\/wp-json\/wp\/v2\/media?parent=52"}],"curies":[{"name":"wp","href":"https:\/\/api.w.org\/{rel}","templated":true}]}}